{"id":1326,"date":"2021-12-06T20:19:15","date_gmt":"2021-12-06T20:19:15","guid":{"rendered":"https:\/\/tvregionalnews.com.br\/?page_id=1326"},"modified":"2021-12-14T20:42:00","modified_gmt":"2021-12-14T20:42:00","slug":"programas","status":"publish","type":"page","link":"https:\/\/tvregionalnews.com.br\/?page_id=1326","title":{"rendered":"Programas"},"content":{"rendered":"\t\t<div data-elementor-type=\"wp-page\" data-elementor-id=\"1326\" class=\"elementor elementor-1326\">\n\t\t\t\t\t\t<section class=\"elementor-section elementor-top-section elementor-element elementor-element-4907fd5a elementor-section-height-min-height elementor-section-boxed elementor-section-height-default elementor-section-items-middle\" data-id=\"4907fd5a\" data-element_type=\"section\" data-settings=\"{&quot;background_background&quot;:&quot;classic&quot;,&quot;_ha_eqh_enable&quot;:false}\">\n\t\t\t\t\t\t\t<div class=\"elementor-background-overlay\"><\/div>\n\t\t\t\t\t\t\t<div class=\"elementor-container elementor-column-gap-default\">\n\t\t\t\t\t<div class=\"elementor-column elementor-col-100 elementor-top-column elementor-element elementor-element-2d2b5ef3\" data-id=\"2d2b5ef3\" data-element_type=\"column\">\n\t\t\t<div class=\"elementor-widget-wrap elementor-element-populated\">\n\t\t\t\t\t\t<div class=\"elementor-element elementor-element-49755578 elementor-widget elementor-widget-spacer\" data-id=\"49755578\" data-element_type=\"widget\" data-widget_type=\"spacer.default\">\n\t\t\t\t<div class=\"elementor-widget-container\">\n\t\t\t\t\t<div class=\"elementor-spacer\">\n\t\t\t<div class=\"elementor-spacer-inner\"><\/div>\n\t\t<\/div>\n\t\t\t\t<\/div>\n\t\t\t\t<\/div>\n\t\t\t\t<div class=\"elementor-element elementor-element-b4ae5c elementor-widget elementor-widget-heading\" data-id=\"b4ae5c\" data-element_type=\"widget\" data-widget_type=\"heading.default\">\n\t\t\t\t<div class=\"elementor-widget-container\">\n\t\t\t<h1 class=\"elementor-heading-title elementor-size-default\">Programas<\/h1>\t\t<\/div>\n\t\t\t\t<\/div>\n\t\t\t\t<div class=\"elementor-element elementor-element-6d1e85b2 elementor-widget elementor-widget-heading\" data-id=\"6d1e85b2\" data-element_type=\"widget\" data-widget_type=\"heading.default\">\n\t\t\t\t<div class=\"elementor-widget-container\">\n\t\t\t<h3 class=\"elementor-heading-title elementor-size-default\">Para n\u00f3s voc\u00ea estar\u00e1 sempre em primeiro lugar!<\/h3>\t\t<\/div>\n\t\t\t\t<\/div>\n\t\t\t\t\t<\/div>\n\t\t<\/div>\n\t\t\t\t\t<\/div>\n\t\t<\/section>\n\t\t\t\t<section class=\"elementor-section elementor-top-section elementor-element elementor-element-b988263 elementor-section-boxed elementor-section-height-default elementor-section-height-default\" data-id=\"b988263\" data-element_type=\"section\" data-settings=\"{&quot;_ha_eqh_enable&quot;:false}\">\n\t\t\t\t\t\t<div class=\"elementor-container elementor-column-gap-default\">\n\t\t\t\t\t<div class=\"elementor-column elementor-col-100 elementor-top-column elementor-element elementor-element-fcfab69\" data-id=\"fcfab69\" data-element_type=\"column\">\n\t\t\t<div class=\"elementor-widget-wrap elementor-element-populated\">\n\t\t\t\t\t\t<div class=\"elementor-element elementor-element-3ba50ef elementor-widget elementor-widget-spacer\" data-id=\"3ba50ef\" data-element_type=\"widget\" data-widget_type=\"spacer.default\">\n\t\t\t\t<div class=\"elementor-widget-container\">\n\t\t\t\t\t<div class=\"elementor-spacer\">\n\t\t\t<div class=\"elementor-spacer-inner\"><\/div>\n\t\t<\/div>\n\t\t\t\t<\/div>\n\t\t\t\t<\/div>\n\t\t\t\t\t<\/div>\n\t\t<\/div>\n\t\t\t\t\t<\/div>\n\t\t<\/section>\n\t\t\t\t<section class=\"elementor-section elementor-top-section elementor-element elementor-element-b853da0 elementor-section-boxed elementor-section-height-default elementor-section-height-default\" data-id=\"b853da0\" data-element_type=\"section\" data-settings=\"{&quot;background_background&quot;:&quot;classic&quot;,&quot;_ha_eqh_enable&quot;:false}\">\n\t\t\t\t\t\t<div class=\"elementor-container elementor-column-gap-no\">\n\t\t\t\t\t<div class=\"elementor-column elementor-col-50 elementor-top-column elementor-element elementor-element-13aa061d\" data-id=\"13aa061d\" data-element_type=\"column\">\n\t\t\t<div class=\"elementor-widget-wrap elementor-element-populated\">\n\t\t\t\t\t\t<div class=\"elementor-element elementor-element-30c07767 elementor-widget elementor-widget-image\" data-id=\"30c07767\" data-element_type=\"widget\" data-widget_type=\"image.default\">\n\t\t\t\t<div class=\"elementor-widget-container\">\n\t\t\t\t\t\t\t\t\t\t\t\t\t<img fetchpriority=\"high\" decoding=\"async\" width=\"1024\" height=\"1024\" src=\"https:\/\/tvregionalnews.com.br\/wp-content\/uploads\/2021\/11\/LOGO-FINAL-1024x1024.png\" class=\"attachment-large size-large wp-image-1122\" alt=\"\" srcset=\"https:\/\/tvregionalnews.com.br\/wp-content\/uploads\/2021\/11\/LOGO-FINAL-1024x1024.png 1024w, https:\/\/tvregionalnews.com.br\/wp-content\/uploads\/2021\/11\/LOGO-FINAL-300x300.png 300w, https:\/\/tvregionalnews.com.br\/wp-content\/uploads\/2021\/11\/LOGO-FINAL-150x150.png 150w, https:\/\/tvregionalnews.com.br\/wp-content\/uploads\/2021\/11\/LOGO-FINAL-768x768.png 768w, https:\/\/tvregionalnews.com.br\/wp-content\/uploads\/2021\/11\/LOGO-FINAL.png 1080w\" sizes=\"(max-width: 1024px) 100vw, 1024px\" \/>\t\t\t\t\t\t\t\t\t\t\t\t\t<\/div>\n\t\t\t\t<\/div>\n\t\t\t\t<div class=\"elementor-element elementor-element-93e9315 elementor-widget elementor-widget-text-editor\" data-id=\"93e9315\" data-element_type=\"widget\" data-widget_type=\"text-editor.default\">\n\t\t\t\t<div class=\"elementor-widget-container\">\n\t\t\t\t\t\t\t<p>Lorem ipsum dolor sit amet, consectetur adipiscing elit. Ut elit tellus, luctus nec ullamcorper mattis, pulvinar dapibus leo.<\/p>\t\t\t\t\t\t<\/div>\n\t\t\t\t<\/div>\n\t\t\t\t\t<\/div>\n\t\t<\/div>\n\t\t\t\t<div class=\"elementor-column elementor-col-50 elementor-top-column elementor-element elementor-element-65a5bba6\" data-id=\"65a5bba6\" data-element_type=\"column\" data-settings=\"{&quot;background_background&quot;:&quot;classic&quot;}\">\n\t\t\t<div class=\"elementor-widget-wrap elementor-element-populated\">\n\t\t\t\t\t\t<div class=\"elementor-element elementor-element-7e61f418 pa-aspect-ratio-169 elementor-widget elementor-widget-premium-addon-video-box\" data-id=\"7e61f418\" data-element_type=\"widget\" data-settings=\"{&quot;aspect_ratio&quot;:&quot;169&quot;}\" data-widget_type=\"premium-addon-video-box.default\">\n\t\t\t\t<div class=\"elementor-widget-container\">\n\t\t\t\t\t<div class=\"premium-video-box-playlist-container\">\n\t\t\t\t\t\t<div id=\"premium-video-box-container-OTNHslbuacA\" class=\"premium-video-box-container\">\n\t\t\t\t\t<div class=\"premium-video-box-trigger\">\n\t\t\t\t\t\t<div  data-src=\"https:\/\/www.youtube.com\/embed\/OTNHslbuacA?feature=oembed&amp;rel=0&amp;mute=0&amp;loop=0\" class=\"premium-video-box-video-container\">\n\t\t\t\t\t\t<\/div>\n\t\t\t\t\t\t<div style=\"background-image:url(&#039;https:\/\/i.ytimg.com\/vi\/OTNHslbuacA\/maxresdefault.jpg&#039;)\" class=\"premium-video-box-image-container none\" ><\/div>\n\t\t\t\t\t\t\t\t\t\t\t\t\t<div class=\"premium-video-box-play-icon-container\">\n\t\t\t\t\t\t\t\t<i class=\"premium-video-box-play-icon fa fa-play fa-lg\"><\/i>\n\t\t\t\t\t\t\t<\/div>\n\t\t\t\t\t\t\t\t\t\t\t<\/div>\n\t\t\t\t\t\t\t\t\t<\/div>\n\t\t\t\t\t\t\t\t<div id=\"premium-video-box-container-MjJfPdCY_ok\" class=\"premium-video-box-container\">\n\t\t\t\t\t<div class=\"premium-video-box-trigger\">\n\t\t\t\t\t\t<div  data-src=\"https:\/\/www.youtube.com\/embed\/MjJfPdCY_ok?feature=oembed&amp;rel=0&amp;mute=0&amp;loop=0\" class=\"premium-video-box-video-container\">\n\t\t\t\t\t\t<\/div>\n\t\t\t\t\t\t<div style=\"background-image:url(&#039;https:\/\/i.ytimg.com\/vi\/MjJfPdCY_ok\/maxresdefault.jpg&#039;)\" class=\"premium-video-box-image-container none\" ><\/div>\n\t\t\t\t\t\t\t\t\t\t\t\t\t<div class=\"premium-video-box-play-icon-container\">\n\t\t\t\t\t\t\t\t<i class=\"premium-video-box-play-icon fa fa-play fa-lg\"><\/i>\n\t\t\t\t\t\t\t<\/div>\n\t\t\t\t\t\t\t\t\t\t\t<\/div>\n\t\t\t\t\t\t\t\t\t<\/div>\n\t\t\t\t\t\t\t\t<div id=\"premium-video-box-container-bTnCQXZMK5E\" class=\"premium-video-box-container\">\n\t\t\t\t\t<div class=\"premium-video-box-trigger\">\n\t\t\t\t\t\t<div  data-src=\"https:\/\/www.youtube.com\/embed\/bTnCQXZMK5E?feature=oembed&amp;rel=0&amp;mute=0&amp;loop=0\" class=\"premium-video-box-video-container\">\n\t\t\t\t\t\t<\/div>\n\t\t\t\t\t\t<div style=\"background-image:url(&#039;https:\/\/i.ytimg.com\/vi\/bTnCQXZMK5E\/maxresdefault.jpg&#039;)\" class=\"premium-video-box-image-container none\" ><\/div>\n\t\t\t\t\t\t\t\t\t\t\t\t\t<div class=\"premium-video-box-play-icon-container\">\n\t\t\t\t\t\t\t\t<i class=\"premium-video-box-play-icon fa fa-play fa-lg\"><\/i>\n\t\t\t\t\t\t\t<\/div>\n\t\t\t\t\t\t\t\t\t\t\t<\/div>\n\t\t\t\t\t\t\t\t\t<\/div>\n\t\t\t\t\t\t\t\t<div id=\"premium-video-box-container-qeprrdvZ8-Q\" class=\"premium-video-box-container\">\n\t\t\t\t\t<div class=\"premium-video-box-trigger\">\n\t\t\t\t\t\t<div  data-src=\"https:\/\/www.youtube.com\/embed\/qeprrdvZ8-Q?feature=oembed&amp;rel=0&amp;mute=0&amp;loop=0\" class=\"premium-video-box-video-container\">\n\t\t\t\t\t\t<\/div>\n\t\t\t\t\t\t<div style=\"background-image:url(&#039;https:\/\/i.ytimg.com\/vi\/qeprrdvZ8-Q\/maxresdefault.jpg&#039;)\" class=\"premium-video-box-image-container none\" ><\/div>\n\t\t\t\t\t\t\t\t\t\t\t\t\t<div class=\"premium-video-box-play-icon-container\">\n\t\t\t\t\t\t\t\t<i class=\"premium-video-box-play-icon fa fa-play fa-lg\"><\/i>\n\t\t\t\t\t\t\t<\/div>\n\t\t\t\t\t\t\t\t\t\t\t<\/div>\n\t\t\t\t\t\t\t\t\t<\/div>\n\t\t\t\t\t\t\t\t<div id=\"premium-video-box-container-wilwk-ARte0\" class=\"premium-video-box-container\">\n\t\t\t\t\t<div class=\"premium-video-box-trigger\">\n\t\t\t\t\t\t<div  data-src=\"https:\/\/www.youtube.com\/embed\/wilwk-ARte0?feature=oembed&amp;rel=0&amp;mute=0&amp;loop=0\" class=\"premium-video-box-video-container\">\n\t\t\t\t\t\t<\/div>\n\t\t\t\t\t\t<div style=\"background-image:url(&#039;https:\/\/i.ytimg.com\/vi\/wilwk-ARte0\/maxresdefault.jpg&#039;)\" class=\"premium-video-box-image-container none\" ><\/div>\n\t\t\t\t\t\t\t\t\t\t\t\t\t<div class=\"premium-video-box-play-icon-container\">\n\t\t\t\t\t\t\t\t<i class=\"premium-video-box-play-icon fa fa-play fa-lg\"><\/i>\n\t\t\t\t\t\t\t<\/div>\n\t\t\t\t\t\t\t\t\t\t\t<\/div>\n\t\t\t\t\t\t\t\t\t<\/div>\n\t\t\t\t\t\t\t\t<div id=\"premium-video-box-container-T1uWtyMGIgQ\" class=\"premium-video-box-container\">\n\t\t\t\t\t<div class=\"premium-video-box-trigger\">\n\t\t\t\t\t\t<div  data-src=\"https:\/\/www.youtube.com\/embed\/T1uWtyMGIgQ?feature=oembed&amp;rel=0&amp;mute=0&amp;loop=0\" class=\"premium-video-box-video-container\">\n\t\t\t\t\t\t<\/div>\n\t\t\t\t\t\t<div style=\"background-image:url(&#039;https:\/\/i.ytimg.com\/vi\/T1uWtyMGIgQ\/maxresdefault.jpg&#039;)\" class=\"premium-video-box-image-container none\" ><\/div>\n\t\t\t\t\t\t\t\t\t\t\t\t\t<div class=\"premium-video-box-play-icon-container\">\n\t\t\t\t\t\t\t\t<i class=\"premium-video-box-play-icon fa fa-play fa-lg\"><\/i>\n\t\t\t\t\t\t\t<\/div>\n\t\t\t\t\t\t\t\t\t\t\t<\/div>\n\t\t\t\t\t\t\t\t\t<\/div>\n\t\t\t\t\t\t<\/div>\n\t\t\t\t<\/div>\n\t\t\t\t<\/div>\n\t\t\t\t\t<\/div>\n\t\t<\/div>\n\t\t\t\t\t<\/div>\n\t\t<\/section>\n\t\t\t\t<section class=\"elementor-section elementor-top-section elementor-element elementor-element-383773e4 elementor-section-boxed elementor-section-height-default elementor-section-height-default\" data-id=\"383773e4\" data-element_type=\"section\" data-settings=\"{&quot;background_background&quot;:&quot;classic&quot;,&quot;_ha_eqh_enable&quot;:false}\">\n\t\t\t\t\t\t<div class=\"elementor-container elementor-column-gap-no\">\n\t\t\t\t\t<div class=\"elementor-column elementor-col-50 elementor-top-column elementor-element elementor-element-25e44aac\" data-id=\"25e44aac\" data-element_type=\"column\">\n\t\t\t<div class=\"elementor-widget-wrap elementor-element-populated\">\n\t\t\t\t\t\t<div class=\"elementor-element elementor-element-2bee9a0d elementor-widget elementor-widget-image\" data-id=\"2bee9a0d\" data-element_type=\"widget\" data-widget_type=\"image.default\">\n\t\t\t\t<div class=\"elementor-widget-container\">\n\t\t\t\t\t\t\t\t\t\t\t\t\t<img decoding=\"async\" width=\"300\" height=\"300\" src=\"https:\/\/tvregionalnews.com.br\/wp-content\/uploads\/2021\/11\/Logo-1-300x300.png\" class=\"attachment-medium size-medium wp-image-1104\" alt=\"\" srcset=\"https:\/\/tvregionalnews.com.br\/wp-content\/uploads\/2021\/11\/Logo-1-300x300.png 300w, https:\/\/tvregionalnews.com.br\/wp-content\/uploads\/2021\/11\/Logo-1-1024x1024.png 1024w, https:\/\/tvregionalnews.com.br\/wp-content\/uploads\/2021\/11\/Logo-1-150x150.png 150w, https:\/\/tvregionalnews.com.br\/wp-content\/uploads\/2021\/11\/Logo-1-768x768.png 768w, https:\/\/tvregionalnews.com.br\/wp-content\/uploads\/2021\/11\/Logo-1.png 1500w\" sizes=\"(max-width: 300px) 100vw, 300px\" \/>\t\t\t\t\t\t\t\t\t\t\t\t\t<\/div>\n\t\t\t\t<\/div>\n\t\t\t\t<div class=\"elementor-element elementor-element-60403a7 elementor-widget elementor-widget-text-editor\" data-id=\"60403a7\" data-element_type=\"widget\" data-widget_type=\"text-editor.default\">\n\t\t\t\t<div class=\"elementor-widget-container\">\n\t\t\t\t\t\t\t<p>Lorem ipsum dolor sit amet, consectetur adipiscing elit. Ut elit tellus, luctus nec ullamcorper mattis, pulvinar dapibus leo.<\/p>\t\t\t\t\t\t<\/div>\n\t\t\t\t<\/div>\n\t\t\t\t\t<\/div>\n\t\t<\/div>\n\t\t\t\t<div class=\"elementor-column elementor-col-50 elementor-top-column elementor-element elementor-element-7d05946\" data-id=\"7d05946\" data-element_type=\"column\" data-settings=\"{&quot;background_background&quot;:&quot;classic&quot;}\">\n\t\t\t<div class=\"elementor-widget-wrap elementor-element-populated\">\n\t\t\t\t\t\t<div class=\"elementor-element elementor-element-2edea6fb pa-aspect-ratio-169 elementor-widget elementor-widget-premium-addon-video-box\" data-id=\"2edea6fb\" data-element_type=\"widget\" data-settings=\"{&quot;aspect_ratio&quot;:&quot;169&quot;}\" data-widget_type=\"premium-addon-video-box.default\">\n\t\t\t\t<div class=\"elementor-widget-container\">\n\t\t\t\t\t<div class=\"premium-video-box-playlist-container\">\n\t\t\t\t\t\t<div id=\"premium-video-box-container-jtpUf1IjPsU\" class=\"premium-video-box-container\">\n\t\t\t\t\t<div class=\"premium-video-box-trigger\">\n\t\t\t\t\t\t<div  data-src=\"https:\/\/www.youtube.com\/embed\/jtpUf1IjPsU?feature=oembed&amp;rel=0&amp;mute=0&amp;loop=0\" class=\"premium-video-box-video-container\">\n\t\t\t\t\t\t<\/div>\n\t\t\t\t\t\t<div style=\"background-image:url(&#039;https:\/\/i.ytimg.com\/vi\/jtpUf1IjPsU\/maxresdefault.jpg&#039;)\" class=\"premium-video-box-image-container none\" ><\/div>\n\t\t\t\t\t\t\t\t\t\t\t\t\t<div class=\"premium-video-box-play-icon-container\">\n\t\t\t\t\t\t\t\t<i class=\"premium-video-box-play-icon fa fa-play fa-lg\"><\/i>\n\t\t\t\t\t\t\t<\/div>\n\t\t\t\t\t\t\t\t\t\t\t<\/div>\n\t\t\t\t\t\t\t\t\t<\/div>\n\t\t\t\t\t\t\t\t<div id=\"premium-video-box-container-oMGS3OV8N_w\" class=\"premium-video-box-container\">\n\t\t\t\t\t<div class=\"premium-video-box-trigger\">\n\t\t\t\t\t\t<div  data-src=\"https:\/\/www.youtube.com\/embed\/oMGS3OV8N_w?feature=oembed&amp;rel=0&amp;mute=0&amp;loop=0\" class=\"premium-video-box-video-container\">\n\t\t\t\t\t\t<\/div>\n\t\t\t\t\t\t<div style=\"background-image:url(&#039;https:\/\/i.ytimg.com\/vi\/oMGS3OV8N_w\/maxresdefault.jpg&#039;)\" class=\"premium-video-box-image-container none\" ><\/div>\n\t\t\t\t\t\t\t\t\t\t\t\t\t<div class=\"premium-video-box-play-icon-container\">\n\t\t\t\t\t\t\t\t<i class=\"premium-video-box-play-icon fa fa-play fa-lg\"><\/i>\n\t\t\t\t\t\t\t<\/div>\n\t\t\t\t\t\t\t\t\t\t\t<\/div>\n\t\t\t\t\t\t\t\t\t<\/div>\n\t\t\t\t\t\t\t\t<div id=\"premium-video-box-container-GW9YcdKX4kI\" class=\"premium-video-box-container\">\n\t\t\t\t\t<div class=\"premium-video-box-trigger\">\n\t\t\t\t\t\t<div  data-src=\"https:\/\/www.youtube.com\/embed\/GW9YcdKX4kI?feature=oembed&amp;rel=0&amp;mute=0&amp;loop=0\" class=\"premium-video-box-video-container\">\n\t\t\t\t\t\t<\/div>\n\t\t\t\t\t\t<div style=\"background-image:url(&#039;https:\/\/i.ytimg.com\/vi\/GW9YcdKX4kI\/maxresdefault.jpg&#039;)\" class=\"premium-video-box-image-container none\" ><\/div>\n\t\t\t\t\t\t\t\t\t\t\t\t\t<div class=\"premium-video-box-play-icon-container\">\n\t\t\t\t\t\t\t\t<i class=\"premium-video-box-play-icon fa fa-play fa-lg\"><\/i>\n\t\t\t\t\t\t\t<\/div>\n\t\t\t\t\t\t\t\t\t\t\t<\/div>\n\t\t\t\t\t\t\t\t\t<\/div>\n\t\t\t\t\t\t\t\t<div id=\"premium-video-box-container-6W1tPZFcpzo\" class=\"premium-video-box-container\">\n\t\t\t\t\t<div class=\"premium-video-box-trigger\">\n\t\t\t\t\t\t<div  data-src=\"https:\/\/www.youtube.com\/embed\/6W1tPZFcpzo?feature=oembed&amp;rel=0&amp;mute=0&amp;loop=0\" class=\"premium-video-box-video-container\">\n\t\t\t\t\t\t<\/div>\n\t\t\t\t\t\t<div style=\"background-image:url(&#039;https:\/\/i.ytimg.com\/vi\/6W1tPZFcpzo\/maxresdefault.jpg&#039;)\" class=\"premium-video-box-image-container none\" ><\/div>\n\t\t\t\t\t\t\t\t\t\t\t\t\t<div class=\"premium-video-box-play-icon-container\">\n\t\t\t\t\t\t\t\t<i class=\"premium-video-box-play-icon fa fa-play fa-lg\"><\/i>\n\t\t\t\t\t\t\t<\/div>\n\t\t\t\t\t\t\t\t\t\t\t<\/div>\n\t\t\t\t\t\t\t\t\t<\/div>\n\t\t\t\t\t\t\t\t<div id=\"premium-video-box-container-1GSO_2QwXVg\" class=\"premium-video-box-container\">\n\t\t\t\t\t<div class=\"premium-video-box-trigger\">\n\t\t\t\t\t\t<div  data-src=\"https:\/\/www.youtube.com\/embed\/1GSO_2QwXVg?feature=oembed&amp;rel=0&amp;mute=0&amp;loop=0\" class=\"premium-video-box-video-container\">\n\t\t\t\t\t\t<\/div>\n\t\t\t\t\t\t<div style=\"background-image:url(&#039;https:\/\/i.ytimg.com\/vi\/1GSO_2QwXVg\/maxresdefault.jpg&#039;)\" class=\"premium-video-box-image-container none\" ><\/div>\n\t\t\t\t\t\t\t\t\t\t\t\t\t<div class=\"premium-video-box-play-icon-container\">\n\t\t\t\t\t\t\t\t<i class=\"premium-video-box-play-icon fa fa-play fa-lg\"><\/i>\n\t\t\t\t\t\t\t<\/div>\n\t\t\t\t\t\t\t\t\t\t\t<\/div>\n\t\t\t\t\t\t\t\t\t<\/div>\n\t\t\t\t\t\t\t\t<div id=\"premium-video-box-container-ZDYqf5ujLus\" class=\"premium-video-box-container\">\n\t\t\t\t\t<div class=\"premium-video-box-trigger\">\n\t\t\t\t\t\t<div  data-src=\"https:\/\/www.youtube.com\/embed\/ZDYqf5ujLus?feature=oembed&amp;rel=0&amp;mute=0&amp;loop=0\" class=\"premium-video-box-video-container\">\n\t\t\t\t\t\t<\/div>\n\t\t\t\t\t\t<div style=\"background-image:url(&#039;https:\/\/i.ytimg.com\/vi\/ZDYqf5ujLus\/maxresdefault.jpg&#039;)\" class=\"premium-video-box-image-container none\" ><\/div>\n\t\t\t\t\t\t\t\t\t\t\t\t\t<div class=\"premium-video-box-play-icon-container\">\n\t\t\t\t\t\t\t\t<i class=\"premium-video-box-play-icon fa fa-play fa-lg\"><\/i>\n\t\t\t\t\t\t\t<\/div>\n\t\t\t\t\t\t\t\t\t\t\t<\/div>\n\t\t\t\t\t\t\t\t\t<\/div>\n\t\t\t\t\t\t<\/div>\n\t\t\t\t<\/div>\n\t\t\t\t<\/div>\n\t\t\t\t\t<\/div>\n\t\t<\/div>\n\t\t\t\t\t<\/div>\n\t\t<\/section>\n\t\t\t\t<\/div>\n\t\t\n","protected":false},"excerpt":{"rendered":"<p>Programas Para n\u00f3s voc\u00ea estar\u00e1 sempre em primeiro lugar! Lorem ipsum dolor sit amet, consectetur adipiscing elit. Ut elit tellus, luctus nec ullamcorper mattis, pulvinar dapibus leo. Lorem ipsum dolor sit amet, consectetur adipiscing elit. Ut elit tellus, luctus nec ullamcorper mattis, pulvinar dapibus leo.<\/p>\n","protected":false},"author":1,"featured_media":0,"parent":0,"menu_order":0,"comment_status":"closed","ping_status":"closed","template":"","meta":{"footnotes":""},"class_list":["post-1326","page","type-page","status-publish","hentry"],"_links":{"self":[{"href":"https:\/\/tvregionalnews.com.br\/index.php?rest_route=\/wp\/v2\/pages\/1326","targetHints":{"allow":["GET"]}}],"collection":[{"href":"https:\/\/tvregionalnews.com.br\/index.php?rest_route=\/wp\/v2\/pages"}],"about":[{"href":"https:\/\/tvregionalnews.com.br\/index.php?rest_route=\/wp\/v2\/types\/page"}],"author":[{"embeddable":true,"href":"https:\/\/tvregionalnews.com.br\/index.php?rest_route=\/wp\/v2\/users\/1"}],"replies":[{"embeddable":true,"href":"https:\/\/tvregionalnews.com.br\/index.php?rest_route=%2Fwp%2Fv2%2Fcomments&post=1326"}],"version-history":[{"count":22,"href":"https:\/\/tvregionalnews.com.br\/index.php?rest_route=\/wp\/v2\/pages\/1326\/revisions"}],"predecessor-version":[{"id":1816,"href":"https:\/\/tvregionalnews.com.br\/index.php?rest_route=\/wp\/v2\/pages\/1326\/revisions\/1816"}],"wp:attachment":[{"href":"https:\/\/tvregionalnews.com.br\/index.php?rest_route=%2Fwp%2Fv2%2Fmedia&parent=1326"}],"curies":[{"name":"wp","href":"https:\/\/api.w.org\/{rel}","templated":true}]}}